{"id":8375,"date":"2021-07-14T12:33:32","date_gmt":"2021-07-14T10:33:32","guid":{"rendered":"https:\/\/javierppilates.com\/contact\/"},"modified":"2024-10-22T10:14:55","modified_gmt":"2024-10-22T08:14:55","slug":"contact","status":"publish","type":"page","link":"https:\/\/javierppilates.com\/en\/contact\/","title":{"rendered":"Contact"},"content":{"rendered":"\t\t<div data-elementor-type=\"wp-page\" data-elementor-id=\"8375\" class=\"elementor elementor-8375 elementor-248\">\n\t\t\t\t\t\t<section data-img-position=\"\" class=\"elementor-section elementor-top-section elementor-element elementor-element-df6d35a elementor-section-full_width has-navbar-offset has-vertical-lines elementor-section-height-default elementor-section-height-default\" data-id=\"df6d35a\" data-element_type=\"section\" data-settings=\"{&quot;aos_animation_name&quot;:&quot;none&quot;}\">\n\t\t\t\t\t\t<div class=\"elementor-container elementor-column-gap-no\">\n\t\t\t\t\t<div data-img-position=\"\" class=\"elementor-column elementor-col-100 elementor-top-column elementor-element elementor-element-166007f\" data-id=\"166007f\" data-element_type=\"column\" data-settings=\"{&quot;aos_animation_name&quot;:&quot;none&quot;}\">\n\t\t\t<div class=\"elementor-widget-wrap elementor-element-populated\">\n\t\t\t\t\t\t<div class=\"elementor-element elementor-element-1a7b51a elementor-widget elementor-widget-vlt-page-title\" data-id=\"1a7b51a\" data-element_type=\"widget\" data-settings=\"{&quot;aos_animation_name&quot;:&quot;none&quot;}\" data-widget_type=\"vlt-page-title.default\">\n\t\t\t\t<div class=\"elementor-widget-container\">\n\t\t\t\n\t\t<div class=\"vlt-page-title vlt-page-title--1a7b51a vlt-page-title--style-2 jarallax\">\n\n\t\t\t<img loading=\"lazy\" decoding=\"async\" width=\"1920\" height=\"756\" src=\"https:\/\/javierppilates.com\/wp-content\/uploads\/2024\/08\/jpp-contacto-slider-1920x756.jpg\" class=\"jarallax-img attachment-archee-1920x960_crop size-archee-1920x960_crop\" alt=\"\" loading=\"lazy\" data-attachment-id=\"8210\" data-permalink=\"https:\/\/javierppilates.com\/en\/contacto\/jpp-contacto-slider\/\" data-orig-file=\"https:\/\/javierppilates.com\/wp-content\/uploads\/2024\/08\/jpp-contacto-slider.jpg\" data-orig-size=\"2048,756\" data-comments-opened=\"0\" data-image-meta=\"{&quot;aperture&quot;:&quot;0&quot;,&quot;credit&quot;:&quot;&quot;,&quot;camera&quot;:&quot;&quot;,&quot;caption&quot;:&quot;&quot;,&quot;created_timestamp&quot;:&quot;1700485641&quot;,&quot;copyright&quot;:&quot;&quot;,&quot;focal_length&quot;:&quot;0&quot;,&quot;iso&quot;:&quot;0&quot;,&quot;shutter_speed&quot;:&quot;0&quot;,&quot;title&quot;:&quot;&quot;,&quot;orientation&quot;:&quot;1&quot;}\" data-image-title=\"jpp-contacto-slider\" data-image-description=\"\" data-image-caption=\"\" data-medium-file=\"https:\/\/javierppilates.com\/wp-content\/uploads\/2024\/08\/jpp-contacto-slider-300x111.jpg\" data-large-file=\"https:\/\/javierppilates.com\/wp-content\/uploads\/2024\/08\/jpp-contacto-slider-1024x378.jpg\" tabindex=\"0\" role=\"button\" \/><div class=\"vlt-page-title__overlay\"><\/div><div class=\"container lax\" data-lax-translate-y=\"0 0, (-elh*2) elh\" data-lax-opacity=\"0 1, (-elh*2) 0\" data-lax-anchor=\".vlt-page-title--1a7b51a\"><h1 class=\"vlt-page-title__title\">Contact<\/h1><\/div>\n\t\t<\/div>\n\n\t\t<div id=\"1a7b51a\"><\/div>\n\n\t\t\t\t<\/div>\n\t\t\t\t<\/div>\n\t\t\t\t\t<\/div>\n\t\t<\/div>\n\t\t\t\t\t<\/div>\n\t\t<\/section>\n\t\t\t\t<section data-img-position=\"\" class=\"elementor-section elementor-top-section elementor-element elementor-element-113e535 has-vertical-lines elementor-section-boxed elementor-section-height-default elementor-section-height-default\" data-id=\"113e535\" data-element_type=\"section\" data-settings=\"{&quot;aos_animation_name&quot;:&quot;none&quot;}\">\n\t\t\t\t\t\t<div class=\"elementor-container elementor-column-gap-extended\">\n\t\t\t\t\t<div data-img-position=\"\" class=\"elementor-column elementor-col-50 elementor-top-column elementor-element elementor-element-a099869\" data-id=\"a099869\" data-element_type=\"column\" data-settings=\"{&quot;aos_animation_name&quot;:&quot;none&quot;}\">\n\t\t\t<div class=\"elementor-widget-wrap elementor-element-populated\">\n\t\t\t\t\t\t<div data-aos=\"custom\" data-aos-once=\"true\" class=\"elementor-element elementor-element-b9164e1 elementor-widget__width-initial elementor-widget elementor-widget-vlt-section-title\" data-id=\"b9164e1\" data-element_type=\"widget\" data-settings=\"{&quot;aos_animation_name&quot;:&quot;custom&quot;}\" data-widget_type=\"vlt-section-title.default\">\n\t\t\t\t<div class=\"elementor-widget-container\">\n\t\t\t\n\t\t<div class=\"vlt-section-title\">\n\n\t\t\t\n\t\t\t\n\t\t\t\t<h1 class=\"vlt-section-title__heading h3\">\n\n\t\t\t\t\t\n\t\t\t\t\tRequest information\n\t\t\t\t\t\n\t\t\t\t<\/h1>\n\n\t\t\t\n\t\t\t\t\t\t\t<p class=\"vlt-section-title__description\">Please do not hesitate to contact us for further information about our training programs and services. We are here to help you reach your goals.<\/p>\n\t\t\t\n\t\t<\/div>\n\n\t\t\t<\/div>\n\t\t\t\t<\/div>\n\t\t\t\t<div class=\"elementor-element elementor-element-edaf55e elementor-widget elementor-widget-vlt-spacer\" data-id=\"edaf55e\" data-element_type=\"widget\" data-settings=\"{&quot;aos_animation_name&quot;:&quot;none&quot;}\" data-widget_type=\"vlt-spacer.default\">\n\t\t\t\t<div class=\"elementor-widget-container\">\n\t\t\t\n\t\t<div class=\"vlt-spacer\"><\/div>\n\n\t\t\t\t<\/div>\n\t\t\t\t<\/div>\n\t\t\t\t<div class=\"elementor-element elementor-element-ac94632 elementor-widget elementor-widget-vlt-spacer\" data-id=\"ac94632\" data-element_type=\"widget\" data-settings=\"{&quot;aos_animation_name&quot;:&quot;none&quot;}\" data-widget_type=\"vlt-spacer.default\">\n\t\t\t\t<div class=\"elementor-widget-container\">\n\t\t\t\n\t\t<div class=\"vlt-spacer\"><\/div>\n\n\t\t\t\t<\/div>\n\t\t\t\t<\/div>\n\t\t\t\t<div data-aos=\"custom\" data-aos-delay=\"300\" data-aos-once=\"true\" class=\"elementor-element elementor-element-5fbb9ff elementor-widget elementor-widget-vlt-heading\" data-id=\"5fbb9ff\" data-element_type=\"widget\" data-settings=\"{&quot;aos_animation_name&quot;:&quot;custom&quot;}\" data-widget_type=\"vlt-heading.default\">\n\t\t\t\t<div class=\"elementor-widget-container\">\n\t\t\t\n\t\t<h6 class=\"vlt-heading vlt-display-1\" id=\"link-to-5fbb9ff\">\n\n\t\t\t\n\t\t\t\t\t\t\tE-mail\t\t\t\n\t\t\t\n\t\t\t\n\t\t<\/h6>\n\n\t\t\t<\/div>\n\t\t\t\t<\/div>\n\t\t\t\t<div class=\"elementor-element elementor-element-75f7814 elementor-widget elementor-widget-vlt-spacer\" data-id=\"75f7814\" data-element_type=\"widget\" data-settings=\"{&quot;aos_animation_name&quot;:&quot;none&quot;}\" data-widget_type=\"vlt-spacer.default\">\n\t\t\t\t<div class=\"elementor-widget-container\">\n\t\t\t\n\t\t<div class=\"vlt-spacer\"><\/div>\n\n\t\t\t\t<\/div>\n\t\t\t\t<\/div>\n\t\t\t\t<div data-aos=\"custom\" data-aos-delay=\"300\" data-aos-once=\"true\" class=\"elementor-element elementor-element-5be0c4e elementor-widget elementor-widget-text-editor\" data-id=\"5be0c4e\" data-element_type=\"widget\" data-settings=\"{&quot;aos_animation_name&quot;:&quot;custom&quot;}\" data-widget_type=\"text-editor.default\">\n\t\t\t\t<div class=\"elementor-widget-container\">\n\t\t\t<style>\/*! elementor - v3.23.0 - 05-08-2024 *\/\n.elementor-widget-text-editor.elementor-drop-cap-view-stacked .elementor-drop-cap{background-color:#69727d;color:#fff}.elementor-widget-text-editor.elementor-drop-cap-view-framed .elementor-drop-cap{color:#69727d;border:3px solid;background-color:transparent}.elementor-widget-text-editor:not(.elementor-drop-cap-view-default) .elementor-drop-cap{margin-top:8px}.elementor-widget-text-editor:not(.elementor-drop-cap-view-default) .elementor-drop-cap-letter{width:1em;height:1em}.elementor-widget-text-editor .elementor-drop-cap{float:left;text-align:center;line-height:1;font-size:50px}.elementor-widget-text-editor .elementor-drop-cap-letter{display:inline-block}<\/style>\t\t\t\t<p>formacionjpp@gmail.com<\/p>\n\t\t\t\t\t\t<\/div>\n\t\t\t\t<\/div>\n\t\t\t\t<div class=\"elementor-element elementor-element-6d87a8f elementor-widget elementor-widget-vlt-spacer\" data-id=\"6d87a8f\" data-element_type=\"widget\" data-settings=\"{&quot;aos_animation_name&quot;:&quot;none&quot;}\" data-widget_type=\"vlt-spacer.default\">\n\t\t\t\t<div class=\"elementor-widget-container\">\n\t\t\t\n\t\t<div class=\"vlt-spacer\"><\/div>\n\n\t\t\t\t<\/div>\n\t\t\t\t<\/div>\n\t\t\t\t\t<\/div>\n\t\t<\/div>\n\t\t\t\t<div data-img-position=\"\" class=\"elementor-column elementor-col-50 elementor-top-column elementor-element elementor-element-6d11ba8\" data-id=\"6d11ba8\" data-element_type=\"column\" data-settings=\"{&quot;aos_animation_name&quot;:&quot;none&quot;}\">\n\t\t\t<div class=\"elementor-widget-wrap elementor-element-populated\">\n\t\t\t\t\t\t<div data-aos=\"custom\" data-aos-delay=\"400\" data-aos-once=\"true\" class=\"elementor-element elementor-element-65f2b4a elementor-widget elementor-widget-vlt-contact-form-7\" data-id=\"65f2b4a\" data-element_type=\"widget\" data-settings=\"{&quot;aos_animation_name&quot;:&quot;custom&quot;}\" data-widget_type=\"vlt-contact-form-7.default\">\n\t\t\t\t<div class=\"elementor-widget-container\">\n\t\t\t\n\t\t<div class=\"vlt-contact-form-7\">\n\n\t\t\t\n<div class=\"wpcf7 no-js\" id=\"wpcf7-f8656-o1\" lang=\"es-ES\" dir=\"ltr\">\n<div class=\"screen-reader-response\"><p role=\"status\" aria-live=\"polite\" aria-atomic=\"true\"><\/p> <ul><\/ul><\/div>\n<form action=\"\/en\/wp-json\/wp\/v2\/pages\/8375#wpcf7-f8656-o1\" method=\"post\" class=\"wpcf7-form init\" aria-label=\"Formulario de contacto\" novalidate=\"novalidate\" data-status=\"init\">\n<div style=\"display: none;\">\n<input type=\"hidden\" name=\"_wpcf7\" value=\"8656\" \/>\n<input type=\"hidden\" name=\"_wpcf7_version\" value=\"5.9.8\" \/>\n<input type=\"hidden\" name=\"_wpcf7_locale\" value=\"es_ES\" \/>\n<input type=\"hidden\" name=\"_wpcf7_unit_tag\" value=\"wpcf7-f8656-o1\" \/>\n<input type=\"hidden\" name=\"_wpcf7_container_post\" value=\"0\" \/>\n<input type=\"hidden\" name=\"_wpcf7_posted_data_hash\" value=\"\" \/>\n<input type=\"hidden\" name=\"_wpcf7_recaptcha_response\" value=\"\" \/>\n<\/div>\n<label> Your name*\n    <span class=\"wpcf7-form-control-wrap\" data-name=\"your-name\"><input size=\"40\" maxlength=\"400\" class=\"wpcf7-form-control wpcf7-text wpcf7-validates-as-required\" autocomplete=\"surname\" aria-required=\"true\" aria-invalid=\"false\" value=\"\" type=\"text\" name=\"your-name\" \/><\/span> <\/label>\n\n<label> Your email*\n    <span class=\"wpcf7-form-control-wrap\" data-name=\"your-email\"><input size=\"40\" maxlength=\"400\" class=\"wpcf7-form-control wpcf7-email wpcf7-validates-as-required wpcf7-text wpcf7-validates-as-email\" autocomplete=\"email\" aria-required=\"true\" aria-invalid=\"false\" value=\"\" type=\"email\" name=\"your-email\" \/><\/span> <\/label>\n\n<label> Telephone*\n    <span class=\"wpcf7-form-control-wrap\" data-name=\"your-tel\"><input size=\"40\" maxlength=\"400\" class=\"wpcf7-form-control wpcf7-text wpcf7-validates-as-required\" aria-required=\"true\" aria-invalid=\"false\" value=\"\" type=\"text\" name=\"your-tel\" \/><\/span> <\/label>\n\n<label> Subject*\n    <span class=\"wpcf7-form-control-wrap\" data-name=\"your-subject\"><input size=\"40\" maxlength=\"400\" class=\"wpcf7-form-control wpcf7-text wpcf7-validates-as-required\" aria-required=\"true\" aria-invalid=\"false\" value=\"\" type=\"text\" name=\"your-subject\" \/><\/span> <\/label>\n\n<label> Your message*\n    <span class=\"wpcf7-form-control-wrap\" data-name=\"your-message\"><textarea cols=\"40\" rows=\"10\" maxlength=\"2000\" class=\"wpcf7-form-control wpcf7-textarea wpcf7-validates-as-required\" aria-required=\"true\" aria-invalid=\"false\" name=\"your-message\"><\/textarea><\/span> <\/label>\n\n\n\n<label>\n<span class=\"wpcf7-form-control-wrap\" data-name=\"rgpd\"><span class=\"wpcf7-form-control wpcf7-acceptance\"><span class=\"wpcf7-list-item\"><label><input type=\"checkbox\" name=\"rgpd\" value=\"1\" aria-invalid=\"false\" \/><span class=\"wpcf7-list-item-label\">I have read and accept <a target=\"_blank\" href=\"\/en\/privacy-policy\">the privacy policy.<\/a><\/span><\/label><\/span><\/span><\/span>\n<\/label>\n\n<input class=\"wpcf7-form-control wpcf7-submit has-spinner\" type=\"submit\" value=\"Submit\" \/><div class=\"wpcf7-response-output\" aria-hidden=\"true\"><\/div>\n<\/form>\n<\/div>\n\n\t\t<\/div>\n\n\t\t\t\t<\/div>\n\t\t\t\t<\/div>\n\t\t\t\t\t<\/div>\n\t\t<\/div>\n\t\t\t\t\t<\/div>\n\t\t<\/section>\n\t\t\t\t<\/div>\n\t\t","protected":false},"excerpt":{"rendered":"<p>Contact Request information Please do not hesitate to contact us for further information about our training programs and services. We are here to help you reach your goals. E-mail formacionjpp@gmail.com Your name* Your email* Telephone* Subject* Your message* I have read and accept the privacy policy.<\/p>\n","protected":false},"author":2,"featured_media":0,"parent":0,"menu_order":56,"comment_status":"closed","ping_status":"closed","template":"template-custom-page.php","meta":{"_acf_changed":false,"_vp_format_video_url":"","_vp_image_focal_point":[],"footnotes":""},"class_list":["post-8375","page","type-page","status-publish","hentry"],"acf":[],"yoast_head":"<!-- This site is optimized with the Yoast SEO plugin v23.2 - https:\/\/yoast.com\/wordpress\/plugins\/seo\/ -->\n<title>Contact - Javier P\u00e9rez Pont &quot;The Legacy&quot; Pilates<\/title>\n<meta name=\"robots\" content=\"index, follow, max-snippet:-1, max-image-preview:large, max-video-preview:-1\" \/>\n<link rel=\"canonical\" href=\"https:\/\/javierppilates.com\/en\/contact\/\" \/>\n<meta property=\"og:locale\" content=\"en_US\" \/>\n<meta property=\"og:type\" content=\"article\" \/>\n<meta property=\"og:title\" content=\"Contact - Javier P\u00e9rez Pont &quot;The Legacy&quot; Pilates\" \/>\n<meta property=\"og:description\" content=\"Contact Request information Please do not hesitate to contact us for further information about our training programs and services. We are here to help you reach your goals. E-mail formacionjpp@gmail.com Your name* Your email* Telephone* Subject* Your message* I have read and accept the privacy policy.\" \/>\n<meta property=\"og:url\" content=\"https:\/\/javierppilates.com\/en\/contact\/\" \/>\n<meta property=\"og:site_name\" content=\"Javier P\u00e9rez Pont &quot;The Legacy&quot; Pilates\" \/>\n<meta property=\"article:modified_time\" content=\"2024-10-22T08:14:55+00:00\" \/>\n<meta property=\"og:image\" content=\"https:\/\/javierppilates.com\/wp-content\/uploads\/2024\/08\/jpp-contacto-slider-1920x756.jpg\" \/>\n<meta name=\"twitter:card\" content=\"summary_large_image\" \/>\n<meta name=\"twitter:label1\" content=\"Est. reading time\" \/>\n\t<meta name=\"twitter:data1\" content=\"1 minute\" \/>\n<script type=\"application\/ld+json\" class=\"yoast-schema-graph\">{\"@context\":\"https:\/\/schema.org\",\"@graph\":[{\"@type\":\"WebPage\",\"@id\":\"https:\/\/javierppilates.com\/en\/contact\/\",\"url\":\"https:\/\/javierppilates.com\/en\/contact\/\",\"name\":\"Contact - Javier P\u00e9rez Pont &quot;The Legacy&quot; Pilates\",\"isPartOf\":{\"@id\":\"https:\/\/javierppilates.com\/en\/#website\"},\"primaryImageOfPage\":{\"@id\":\"https:\/\/javierppilates.com\/en\/contact\/#primaryimage\"},\"image\":{\"@id\":\"https:\/\/javierppilates.com\/en\/contact\/#primaryimage\"},\"thumbnailUrl\":\"https:\/\/javierppilates.com\/wp-content\/uploads\/2024\/08\/jpp-contacto-slider-1920x756.jpg\",\"datePublished\":\"2021-07-14T10:33:32+00:00\",\"dateModified\":\"2024-10-22T08:14:55+00:00\",\"breadcrumb\":{\"@id\":\"https:\/\/javierppilates.com\/en\/contact\/#breadcrumb\"},\"inLanguage\":\"en-US\",\"potentialAction\":[{\"@type\":\"ReadAction\",\"target\":[\"https:\/\/javierppilates.com\/en\/contact\/\"]}]},{\"@type\":\"ImageObject\",\"inLanguage\":\"en-US\",\"@id\":\"https:\/\/javierppilates.com\/en\/contact\/#primaryimage\",\"url\":\"https:\/\/javierppilates.com\/wp-content\/uploads\/2024\/08\/jpp-contacto-slider-1920x756.jpg\",\"contentUrl\":\"https:\/\/javierppilates.com\/wp-content\/uploads\/2024\/08\/jpp-contacto-slider-1920x756.jpg\"},{\"@type\":\"BreadcrumbList\",\"@id\":\"https:\/\/javierppilates.com\/en\/contact\/#breadcrumb\",\"itemListElement\":[{\"@type\":\"ListItem\",\"position\":1,\"name\":\"Portada\",\"item\":\"https:\/\/javierppilates.com\/en\/\"},{\"@type\":\"ListItem\",\"position\":2,\"name\":\"Contact\"}]},{\"@type\":\"WebSite\",\"@id\":\"https:\/\/javierppilates.com\/en\/#website\",\"url\":\"https:\/\/javierppilates.com\/en\/\",\"name\":\"Javier P\u00e9rez Pont &quot;The Legacy&quot; Pilates\",\"description\":\"D\u00e9janos ense\u00f1arte algo que durar\u00e1 toda tu vida.\",\"potentialAction\":[{\"@type\":\"SearchAction\",\"target\":{\"@type\":\"EntryPoint\",\"urlTemplate\":\"https:\/\/javierppilates.com\/en\/?s={search_term_string}\"},\"query-input\":\"required name=search_term_string\"}],\"inLanguage\":\"en-US\"}]}<\/script>\n<!-- \/ Yoast SEO plugin. -->","yoast_head_json":{"title":"Contact - Javier P\u00e9rez Pont &quot;The Legacy&quot; Pilates","robots":{"index":"index","follow":"follow","max-snippet":"max-snippet:-1","max-image-preview":"max-image-preview:large","max-video-preview":"max-video-preview:-1"},"canonical":"https:\/\/javierppilates.com\/en\/contact\/","og_locale":"en_US","og_type":"article","og_title":"Contact - Javier P\u00e9rez Pont &quot;The Legacy&quot; Pilates","og_description":"Contact Request information Please do not hesitate to contact us for further information about our training programs and services. We are here to help you reach your goals. E-mail formacionjpp@gmail.com Your name* Your email* Telephone* Subject* Your message* I have read and accept the privacy policy.","og_url":"https:\/\/javierppilates.com\/en\/contact\/","og_site_name":"Javier P\u00e9rez Pont &quot;The Legacy&quot; Pilates","article_modified_time":"2024-10-22T08:14:55+00:00","og_image":[{"url":"https:\/\/javierppilates.com\/wp-content\/uploads\/2024\/08\/jpp-contacto-slider-1920x756.jpg"}],"twitter_card":"summary_large_image","twitter_misc":{"Est. reading time":"1 minute"},"schema":{"@context":"https:\/\/schema.org","@graph":[{"@type":"WebPage","@id":"https:\/\/javierppilates.com\/en\/contact\/","url":"https:\/\/javierppilates.com\/en\/contact\/","name":"Contact - Javier P\u00e9rez Pont &quot;The Legacy&quot; Pilates","isPartOf":{"@id":"https:\/\/javierppilates.com\/en\/#website"},"primaryImageOfPage":{"@id":"https:\/\/javierppilates.com\/en\/contact\/#primaryimage"},"image":{"@id":"https:\/\/javierppilates.com\/en\/contact\/#primaryimage"},"thumbnailUrl":"https:\/\/javierppilates.com\/wp-content\/uploads\/2024\/08\/jpp-contacto-slider-1920x756.jpg","datePublished":"2021-07-14T10:33:32+00:00","dateModified":"2024-10-22T08:14:55+00:00","breadcrumb":{"@id":"https:\/\/javierppilates.com\/en\/contact\/#breadcrumb"},"inLanguage":"en-US","potentialAction":[{"@type":"ReadAction","target":["https:\/\/javierppilates.com\/en\/contact\/"]}]},{"@type":"ImageObject","inLanguage":"en-US","@id":"https:\/\/javierppilates.com\/en\/contact\/#primaryimage","url":"https:\/\/javierppilates.com\/wp-content\/uploads\/2024\/08\/jpp-contacto-slider-1920x756.jpg","contentUrl":"https:\/\/javierppilates.com\/wp-content\/uploads\/2024\/08\/jpp-contacto-slider-1920x756.jpg"},{"@type":"BreadcrumbList","@id":"https:\/\/javierppilates.com\/en\/contact\/#breadcrumb","itemListElement":[{"@type":"ListItem","position":1,"name":"Portada","item":"https:\/\/javierppilates.com\/en\/"},{"@type":"ListItem","position":2,"name":"Contact"}]},{"@type":"WebSite","@id":"https:\/\/javierppilates.com\/en\/#website","url":"https:\/\/javierppilates.com\/en\/","name":"Javier P\u00e9rez Pont &quot;The Legacy&quot; Pilates","description":"D\u00e9janos ense\u00f1arte algo que durar\u00e1 toda tu vida.","potentialAction":[{"@type":"SearchAction","target":{"@type":"EntryPoint","urlTemplate":"https:\/\/javierppilates.com\/en\/?s={search_term_string}"},"query-input":"required name=search_term_string"}],"inLanguage":"en-US"}]}},"jetpack_sharing_enabled":true,"_links":{"self":[{"href":"https:\/\/javierppilates.com\/en\/wp-json\/wp\/v2\/pages\/8375"}],"collection":[{"href":"https:\/\/javierppilates.com\/en\/wp-json\/wp\/v2\/pages"}],"about":[{"href":"https:\/\/javierppilates.com\/en\/wp-json\/wp\/v2\/types\/page"}],"author":[{"embeddable":true,"href":"https:\/\/javierppilates.com\/en\/wp-json\/wp\/v2\/users\/2"}],"replies":[{"embeddable":true,"href":"https:\/\/javierppilates.com\/en\/wp-json\/wp\/v2\/comments?post=8375"}],"version-history":[{"count":8,"href":"https:\/\/javierppilates.com\/en\/wp-json\/wp\/v2\/pages\/8375\/revisions"}],"predecessor-version":[{"id":8659,"href":"https:\/\/javierppilates.com\/en\/wp-json\/wp\/v2\/pages\/8375\/revisions\/8659"}],"wp:attachment":[{"href":"https:\/\/javierppilates.com\/en\/wp-json\/wp\/v2\/media?parent=8375"}],"curies":[{"name":"wp","href":"https:\/\/api.w.org\/{rel}","templated":true}]}}