{"id":8401,"date":"2021-11-14T13:05:42","date_gmt":"2021-11-14T12:05:42","guid":{"rendered":"https:\/\/javierppilates.com\/studio\/"},"modified":"2025-05-14T10:36:42","modified_gmt":"2025-05-14T08:36:42","slug":"empower","status":"publish","type":"page","link":"https:\/\/javierppilates.com\/en\/empower\/","title":{"rendered":"Empower"},"content":{"rendered":"\t\t<div data-elementor-type=\"wp-page\" data-elementor-id=\"8401\" class=\"elementor elementor-8401 elementor-3063\">\n\t\t\t\t\t\t<section data-jarallax-video=\"\" data-speed=\"\" data-img-position=\"\" class=\"elementor-section elementor-top-section elementor-element elementor-element-0e966b9 has-vertical-lines elementor-reverse-tablet elementor-reverse-mobile jarallax elementor-section-boxed elementor-section-height-default elementor-section-height-default\" data-id=\"0e966b9\" data-element_type=\"section\" data-settings=\"{&quot;aos_animation_name&quot;:&quot;none&quot;}\">\n\t\t\t\t\t\t<div class=\"elementor-container elementor-column-gap-extended\">\n\t\t\t\t\t<div data-img-position=\"\" class=\"elementor-column elementor-col-33 elementor-top-column elementor-element elementor-element-8d54fe1 sticky-parent\" data-id=\"8d54fe1\" data-element_type=\"column\" data-settings=\"{&quot;aos_animation_name&quot;:&quot;none&quot;}\">\n\t\t\t<div class=\"elementor-widget-wrap elementor-element-populated\">\n\t\t\t\t\t\t<div data-aos=\"custom\" data-aos-delay=\"100\" data-aos-once=\"true\" class=\"elementor-element elementor-element-4aced69 elementor-widget elementor-widget-vlt-simple-image\" data-id=\"4aced69\" data-element_type=\"widget\" data-settings=\"{&quot;aos_animation_name&quot;:&quot;custom&quot;}\" data-widget_type=\"vlt-simple-image.default\">\n\t\t\t\t<div class=\"elementor-widget-container\">\n\t\t\t\n\t\t<div class=\"vlt-simple-image\">\n\n\t\t\t\n\t\t\t\n\t\t\t\t\n\t\t\t\t<img loading=\"lazy\" decoding=\"async\" width=\"901\" height=\"901\" src=\"https:\/\/javierppilates.com\/wp-content\/uploads\/2024\/07\/aparatologia-javierppilates.com_.jpeg\" class=\"attachment-full size-full\" alt=\"\" loading=\"lazy\" srcset=\"https:\/\/javierppilates.com\/wp-content\/uploads\/2024\/07\/aparatologia-javierppilates.com_.jpeg 901w, https:\/\/javierppilates.com\/wp-content\/uploads\/2024\/07\/aparatologia-javierppilates.com_-300x300.jpeg 300w, https:\/\/javierppilates.com\/wp-content\/uploads\/2024\/07\/aparatologia-javierppilates.com_-150x150.jpeg 150w, https:\/\/javierppilates.com\/wp-content\/uploads\/2024\/07\/aparatologia-javierppilates.com_-768x768.jpeg 768w, https:\/\/javierppilates.com\/wp-content\/uploads\/2024\/07\/aparatologia-javierppilates.com_-500x500.jpeg 500w, https:\/\/javierppilates.com\/wp-content\/uploads\/2024\/07\/aparatologia-javierppilates.com_-800x800.jpeg 800w, https:\/\/javierppilates.com\/wp-content\/uploads\/2024\/07\/aparatologia-javierppilates.com_-700x700.jpeg 700w\" sizes=\"(max-width: 901px) 100vw, 901px\" data-attachment-id=\"6389\" data-permalink=\"https:\/\/javierppilates.com\/en\/empower\/aparatologia-javierppilates-com\/\" data-orig-file=\"https:\/\/javierppilates.com\/wp-content\/uploads\/2024\/07\/aparatologia-javierppilates.com_.jpeg\" data-orig-size=\"901,901\" data-comments-opened=\"1\" data-image-meta=\"{&quot;aperture&quot;:&quot;0&quot;,&quot;credit&quot;:&quot;&quot;,&quot;camera&quot;:&quot;&quot;,&quot;caption&quot;:&quot;&quot;,&quot;created_timestamp&quot;:&quot;0&quot;,&quot;copyright&quot;:&quot;&quot;,&quot;focal_length&quot;:&quot;0&quot;,&quot;iso&quot;:&quot;0&quot;,&quot;shutter_speed&quot;:&quot;0&quot;,&quot;title&quot;:&quot;&quot;,&quot;orientation&quot;:&quot;1&quot;}\" data-image-title=\"Aparatolog\u00eda\" data-image-description=\"\" data-image-caption=\"\" data-medium-file=\"https:\/\/javierppilates.com\/wp-content\/uploads\/2024\/07\/aparatologia-javierppilates.com_-300x300.jpeg\" data-large-file=\"https:\/\/javierppilates.com\/wp-content\/uploads\/2024\/07\/aparatologia-javierppilates.com_.jpeg\" tabindex=\"0\" role=\"button\" \/>\n\t\t\t\t\n\t\t\t\n\t\t\t\n\t\t\t\t<div class=\"curl\"><\/div>\n\n\t\t\t\n\t\t<\/div>\n\n\t\t\t\t<\/div>\n\t\t\t\t<\/div>\n\t\t<div class=\"elementor-element elementor-element-c1e61ad e-flex e-con-boxed e-con e-parent\" data-id=\"c1e61ad\" data-element_type=\"container\">\n\t\t\t\t\t<div class=\"e-con-inner\">\n\t\t\t\t<div class=\"elementor-element elementor-element-d09cf8f elementor-widget elementor-widget-image\" data-id=\"d09cf8f\" data-element_type=\"widget\" data-settings=\"{&quot;aos_animation_name&quot;:&quot;none&quot;}\" data-widget_type=\"image.default\">\n\t\t\t\t<div class=\"elementor-widget-container\">\n\t\t\t<style>\/*! elementor - v3.23.0 - 05-08-2024 *\/\n.elementor-widget-image{text-align:center}.elementor-widget-image a{display:inline-block}.elementor-widget-image a img[src$=\".svg\"]{width:48px}.elementor-widget-image img{vertical-align:middle;display:inline-block}<\/style>\t\t\t\t\t\t\t\t\t\t\t<a href=\"https:\/\/www.empowerpilates.com.br\/es\" target=\"_blank\">\n\t\t\t\t\t\t\t<img fetchpriority=\"high\" decoding=\"async\" width=\"260\" height=\"200\" src=\"https:\/\/javierppilates.com\/wp-content\/uploads\/2024\/08\/empower-pilates-200.jpg\" class=\"attachment-large size-large wp-image-6601\" alt=\"\" data-attachment-id=\"6601\" data-permalink=\"https:\/\/javierppilates.com\/en\/biografia\/empower-pilates-200\/\" data-orig-file=\"https:\/\/javierppilates.com\/wp-content\/uploads\/2024\/08\/empower-pilates-200.jpg\" data-orig-size=\"260,200\" data-comments-opened=\"0\" data-image-meta=\"{&quot;aperture&quot;:&quot;0&quot;,&quot;credit&quot;:&quot;&quot;,&quot;camera&quot;:&quot;&quot;,&quot;caption&quot;:&quot;&quot;,&quot;created_timestamp&quot;:&quot;0&quot;,&quot;copyright&quot;:&quot;&quot;,&quot;focal_length&quot;:&quot;0&quot;,&quot;iso&quot;:&quot;0&quot;,&quot;shutter_speed&quot;:&quot;0&quot;,&quot;title&quot;:&quot;&quot;,&quot;orientation&quot;:&quot;1&quot;}\" data-image-title=\"empower-pilates-200\" data-image-description=\"\" data-image-caption=\"\" data-medium-file=\"https:\/\/javierppilates.com\/wp-content\/uploads\/2024\/08\/empower-pilates-200.jpg\" data-large-file=\"https:\/\/javierppilates.com\/wp-content\/uploads\/2024\/08\/empower-pilates-200.jpg\" role=\"button\" \/>\t\t\t\t\t\t\t\t<\/a>\n\t\t\t\t\t\t\t\t\t\t\t\t\t<\/div>\n\t\t\t\t<\/div>\n\t\t\t\t\t<\/div>\n\t\t\t\t<\/div>\n\t\t\t\t\t<\/div>\n\t\t<\/div>\n\t\t\t\t<div data-img-position=\"\" class=\"elementor-column elementor-col-33 elementor-top-column elementor-element elementor-element-8b9b8dd\" data-id=\"8b9b8dd\" data-element_type=\"column\" data-settings=\"{&quot;aos_animation_name&quot;:&quot;none&quot;}\">\n\t\t\t<div class=\"elementor-widget-wrap\">\n\t\t\t\t\t\t\t<\/div>\n\t\t<\/div>\n\t\t\t\t<div data-img-position=\"\" class=\"elementor-column elementor-col-33 elementor-top-column elementor-element elementor-element-d7cfc0c\" data-id=\"d7cfc0c\" data-element_type=\"column\" data-settings=\"{&quot;aos_animation_name&quot;:&quot;none&quot;}\">\n\t\t\t<div class=\"elementor-widget-wrap elementor-element-populated\">\n\t\t\t\t\t\t<div data-aos=\"custom\" data-aos-once=\"true\" class=\"elementor-element elementor-element-4c11ff2 elementor-widget elementor-widget-vlt-section-title\" data-id=\"4c11ff2\" data-element_type=\"widget\" data-settings=\"{&quot;aos_animation_name&quot;:&quot;custom&quot;}\" data-widget_type=\"vlt-section-title.default\">\n\t\t\t\t<div class=\"elementor-widget-container\">\n\t\t\t\n\t\t<div class=\"vlt-section-title\">\n\n\t\t\t\t\t\t\t<span class=\"vlt-section-title__subtitle\">APPARATUS<\/span>\n\t\t\t\n\t\t\t\n\t\t\t\t<h1 class=\"vlt-section-title__heading h2\">\n\n\t\t\t\t\t\n\t\t\t\t\tEMPOWER PILATES\n\t\t\t\t\t\n\t\t\t\t<\/h1>\n\n\t\t\t\n\t\t\t\n\t\t<\/div>\n\n\t\t\t<\/div>\n\t\t\t\t<\/div>\n\t\t\t\t<div class=\"elementor-element elementor-element-274b3f7 elementor-widget elementor-widget-vlt-spacer\" data-id=\"274b3f7\" data-element_type=\"widget\" data-settings=\"{&quot;aos_animation_name&quot;:&quot;none&quot;}\" data-widget_type=\"vlt-spacer.default\">\n\t\t\t\t<div class=\"elementor-widget-container\">\n\t\t\t\n\t\t<div class=\"vlt-spacer\"><\/div>\n\n\t\t\t\t<\/div>\n\t\t\t\t<\/div>\n\t\t\t\t<div class=\"elementor-element elementor-element-18ca16f elementor-widget elementor-widget-text-editor\" data-id=\"18ca16f\" data-element_type=\"widget\" data-settings=\"{&quot;aos_animation_name&quot;:&quot;none&quot;}\" data-widget_type=\"text-editor.default\">\n\t\t\t\t<div class=\"elementor-widget-container\">\n\t\t\t<style>\/*! elementor - v3.23.0 - 05-08-2024 *\/\n.elementor-widget-text-editor.elementor-drop-cap-view-stacked .elementor-drop-cap{background-color:#69727d;color:#fff}.elementor-widget-text-editor.elementor-drop-cap-view-framed .elementor-drop-cap{color:#69727d;border:3px solid;background-color:transparent}.elementor-widget-text-editor:not(.elementor-drop-cap-view-default) .elementor-drop-cap{margin-top:8px}.elementor-widget-text-editor:not(.elementor-drop-cap-view-default) .elementor-drop-cap-letter{width:1em;height:1em}.elementor-widget-text-editor .elementor-drop-cap{float:left;text-align:center;line-height:1;font-size:50px}.elementor-widget-text-editor .elementor-drop-cap-letter{display:inline-block}<\/style>\t\t\t\t<p>I first met Adriana and Lipe, the owners of <strong>Empower Pilates Brasil<\/strong>, one of the countless brands in the \u201cclassical\u201d style available on the market, in 2018.<\/p><p>They asked me for my opinion of their apparatuses and help in improving them. I told them that the term \u201cclassical\u201d was meaningless to me, that a copy of another copy was still nothing more than a copy, and left it at that.<\/p><p>A year later, thanks to their incredible kindness and interest, I accepted their challenge and agreed to collaborate with them on the condition that Lipe enroll in the <strong>Romana&#8217;s Pilates International Instructor Training Program<\/strong>.<\/p><p>I have been working with them ever since, correcting the errors common to all the classical manufacturers and finally arriving at a replica of the apparatuses that <strong>Roman Kryzanowska<\/strong> used in the 1990s when I arrived in New York to start my instructor training under her tutelage.<\/p><p>Along with the owners of this brand, my work has consisted of remembering, analyzing, collecting data, and consulting with colleagues from that era about each of the apparatuses that comprised the Pilates method in the emblematic studio on West 57th Street in Manhattan.<\/p><p>As a result, after a slow and painstaking process, we have achieved the best version of the apparatuses invented by Joe Pilates from the perspective of Romana Kryzanowska.<\/p><p>This is in terms not only of the quality of the materials used but also of the maximum precision possible in how they serve and support the theoretical foundations of the method.\u00a0<\/p><p>They are so happy with the results that they have honored me by naming this product line <em>\u201cJavier P\u00e9rez Pont by Empower,\u201d <\/em>which appears on the metal plaque on the frame.<\/p>\t\t\t\t\t\t<\/div>\n\t\t\t\t<\/div>\n\t\t\t\t<div class=\"elementor-element elementor-element-7ea0804 elementor-widget elementor-widget-vlt-spacer\" data-id=\"7ea0804\" data-element_type=\"widget\" data-settings=\"{&quot;aos_animation_name&quot;:&quot;none&quot;}\" data-widget_type=\"vlt-spacer.default\">\n\t\t\t\t<div class=\"elementor-widget-container\">\n\t\t\t\n\t\t<div class=\"vlt-spacer\"><\/div>\n\n\t\t\t\t<\/div>\n\t\t\t\t<\/div>\n\t\t\t\t\t<\/div>\n\t\t<\/div>\n\t\t\t\t\t<\/div>\n\t\t<\/section>\n\t\t\t\t<\/div>\n\t\t","protected":false},"excerpt":{"rendered":"<p>APPARATUS EMPOWER PILATES I first met Adriana and Lipe, the owners of Empower Pilates Brasil, one of the countless brands in the \u201cclassical\u201d style available on the market, in 2018. They asked me for my opinion of their apparatuses and help in improving them. I told them that the term \u201cclassical\u201d was meaningless to me, [&hellip;]<\/p>\n","protected":false},"author":2,"featured_media":0,"parent":0,"menu_order":27,"comment_status":"closed","ping_status":"closed","template":"template-custom-page.php","meta":{"_acf_changed":false,"_vp_format_video_url":"","_vp_image_focal_point":[],"footnotes":""},"class_list":["post-8401","page","type-page","status-publish","hentry"],"acf":[],"yoast_head":"<!-- This site is optimized with the Yoast SEO plugin v23.2 - https:\/\/yoast.com\/wordpress\/plugins\/seo\/ -->\n<title>Empower - Javier P\u00e9rez Pont &quot;The Legacy&quot; Pilates<\/title>\n<meta name=\"robots\" content=\"index, follow, max-snippet:-1, max-image-preview:large, max-video-preview:-1\" \/>\n<link rel=\"canonical\" href=\"https:\/\/javierppilates.com\/en\/empower\/\" \/>\n<meta property=\"og:locale\" content=\"en_US\" \/>\n<meta property=\"og:type\" content=\"article\" \/>\n<meta property=\"og:title\" content=\"Empower - Javier P\u00e9rez Pont &quot;The Legacy&quot; Pilates\" \/>\n<meta property=\"og:description\" content=\"APPARATUS EMPOWER PILATES I first met Adriana and Lipe, the owners of Empower Pilates Brasil, one of the countless brands in the \u201cclassical\u201d style available on the market, in 2018. They asked me for my opinion of their apparatuses and help in improving them. I told them that the term \u201cclassical\u201d was meaningless to me, [&hellip;]\" \/>\n<meta property=\"og:url\" content=\"https:\/\/javierppilates.com\/en\/empower\/\" \/>\n<meta property=\"og:site_name\" content=\"Javier P\u00e9rez Pont &quot;The Legacy&quot; Pilates\" \/>\n<meta property=\"article:modified_time\" content=\"2025-05-14T08:36:42+00:00\" \/>\n<meta property=\"og:image\" content=\"https:\/\/javierppilates.com\/wp-content\/uploads\/2024\/07\/aparatologia-javierppilates.com_.jpeg\" \/>\n<meta name=\"twitter:card\" content=\"summary_large_image\" \/>\n<meta name=\"twitter:label1\" content=\"Est. reading time\" \/>\n\t<meta name=\"twitter:data1\" content=\"2 minutes\" \/>\n<script type=\"application\/ld+json\" class=\"yoast-schema-graph\">{\"@context\":\"https:\/\/schema.org\",\"@graph\":[{\"@type\":\"WebPage\",\"@id\":\"https:\/\/javierppilates.com\/en\/empower\/\",\"url\":\"https:\/\/javierppilates.com\/en\/empower\/\",\"name\":\"Empower - Javier P\u00e9rez Pont &quot;The Legacy&quot; Pilates\",\"isPartOf\":{\"@id\":\"https:\/\/javierppilates.com\/en\/#website\"},\"primaryImageOfPage\":{\"@id\":\"https:\/\/javierppilates.com\/en\/empower\/#primaryimage\"},\"image\":{\"@id\":\"https:\/\/javierppilates.com\/en\/empower\/#primaryimage\"},\"thumbnailUrl\":\"https:\/\/javierppilates.com\/wp-content\/uploads\/2024\/07\/aparatologia-javierppilates.com_.jpeg\",\"datePublished\":\"2021-11-14T12:05:42+00:00\",\"dateModified\":\"2025-05-14T08:36:42+00:00\",\"breadcrumb\":{\"@id\":\"https:\/\/javierppilates.com\/en\/empower\/#breadcrumb\"},\"inLanguage\":\"en-US\",\"potentialAction\":[{\"@type\":\"ReadAction\",\"target\":[\"https:\/\/javierppilates.com\/en\/empower\/\"]}]},{\"@type\":\"ImageObject\",\"inLanguage\":\"en-US\",\"@id\":\"https:\/\/javierppilates.com\/en\/empower\/#primaryimage\",\"url\":\"https:\/\/javierppilates.com\/wp-content\/uploads\/2024\/07\/aparatologia-javierppilates.com_.jpeg\",\"contentUrl\":\"https:\/\/javierppilates.com\/wp-content\/uploads\/2024\/07\/aparatologia-javierppilates.com_.jpeg\"},{\"@type\":\"BreadcrumbList\",\"@id\":\"https:\/\/javierppilates.com\/en\/empower\/#breadcrumb\",\"itemListElement\":[{\"@type\":\"ListItem\",\"position\":1,\"name\":\"Portada\",\"item\":\"https:\/\/javierppilates.com\/en\/\"},{\"@type\":\"ListItem\",\"position\":2,\"name\":\"Empower\"}]},{\"@type\":\"WebSite\",\"@id\":\"https:\/\/javierppilates.com\/en\/#website\",\"url\":\"https:\/\/javierppilates.com\/en\/\",\"name\":\"Javier P\u00e9rez Pont &quot;The Legacy&quot; Pilates\",\"description\":\"D\u00e9janos ense\u00f1arte algo que durar\u00e1 toda tu vida.\",\"potentialAction\":[{\"@type\":\"SearchAction\",\"target\":{\"@type\":\"EntryPoint\",\"urlTemplate\":\"https:\/\/javierppilates.com\/en\/?s={search_term_string}\"},\"query-input\":\"required name=search_term_string\"}],\"inLanguage\":\"en-US\"}]}<\/script>\n<!-- \/ Yoast SEO plugin. -->","yoast_head_json":{"title":"Empower - Javier P\u00e9rez Pont &quot;The Legacy&quot; Pilates","robots":{"index":"index","follow":"follow","max-snippet":"max-snippet:-1","max-image-preview":"max-image-preview:large","max-video-preview":"max-video-preview:-1"},"canonical":"https:\/\/javierppilates.com\/en\/empower\/","og_locale":"en_US","og_type":"article","og_title":"Empower - Javier P\u00e9rez Pont &quot;The Legacy&quot; Pilates","og_description":"APPARATUS EMPOWER PILATES I first met Adriana and Lipe, the owners of Empower Pilates Brasil, one of the countless brands in the \u201cclassical\u201d style available on the market, in 2018. They asked me for my opinion of their apparatuses and help in improving them. I told them that the term \u201cclassical\u201d was meaningless to me, [&hellip;]","og_url":"https:\/\/javierppilates.com\/en\/empower\/","og_site_name":"Javier P\u00e9rez Pont &quot;The Legacy&quot; Pilates","article_modified_time":"2025-05-14T08:36:42+00:00","og_image":[{"url":"https:\/\/javierppilates.com\/wp-content\/uploads\/2024\/07\/aparatologia-javierppilates.com_.jpeg"}],"twitter_card":"summary_large_image","twitter_misc":{"Est. reading time":"2 minutes"},"schema":{"@context":"https:\/\/schema.org","@graph":[{"@type":"WebPage","@id":"https:\/\/javierppilates.com\/en\/empower\/","url":"https:\/\/javierppilates.com\/en\/empower\/","name":"Empower - Javier P\u00e9rez Pont &quot;The Legacy&quot; Pilates","isPartOf":{"@id":"https:\/\/javierppilates.com\/en\/#website"},"primaryImageOfPage":{"@id":"https:\/\/javierppilates.com\/en\/empower\/#primaryimage"},"image":{"@id":"https:\/\/javierppilates.com\/en\/empower\/#primaryimage"},"thumbnailUrl":"https:\/\/javierppilates.com\/wp-content\/uploads\/2024\/07\/aparatologia-javierppilates.com_.jpeg","datePublished":"2021-11-14T12:05:42+00:00","dateModified":"2025-05-14T08:36:42+00:00","breadcrumb":{"@id":"https:\/\/javierppilates.com\/en\/empower\/#breadcrumb"},"inLanguage":"en-US","potentialAction":[{"@type":"ReadAction","target":["https:\/\/javierppilates.com\/en\/empower\/"]}]},{"@type":"ImageObject","inLanguage":"en-US","@id":"https:\/\/javierppilates.com\/en\/empower\/#primaryimage","url":"https:\/\/javierppilates.com\/wp-content\/uploads\/2024\/07\/aparatologia-javierppilates.com_.jpeg","contentUrl":"https:\/\/javierppilates.com\/wp-content\/uploads\/2024\/07\/aparatologia-javierppilates.com_.jpeg"},{"@type":"BreadcrumbList","@id":"https:\/\/javierppilates.com\/en\/empower\/#breadcrumb","itemListElement":[{"@type":"ListItem","position":1,"name":"Portada","item":"https:\/\/javierppilates.com\/en\/"},{"@type":"ListItem","position":2,"name":"Empower"}]},{"@type":"WebSite","@id":"https:\/\/javierppilates.com\/en\/#website","url":"https:\/\/javierppilates.com\/en\/","name":"Javier P\u00e9rez Pont &quot;The Legacy&quot; Pilates","description":"D\u00e9janos ense\u00f1arte algo que durar\u00e1 toda tu vida.","potentialAction":[{"@type":"SearchAction","target":{"@type":"EntryPoint","urlTemplate":"https:\/\/javierppilates.com\/en\/?s={search_term_string}"},"query-input":"required name=search_term_string"}],"inLanguage":"en-US"}]}},"jetpack_sharing_enabled":true,"_links":{"self":[{"href":"https:\/\/javierppilates.com\/en\/wp-json\/wp\/v2\/pages\/8401"}],"collection":[{"href":"https:\/\/javierppilates.com\/en\/wp-json\/wp\/v2\/pages"}],"about":[{"href":"https:\/\/javierppilates.com\/en\/wp-json\/wp\/v2\/types\/page"}],"author":[{"embeddable":true,"href":"https:\/\/javierppilates.com\/en\/wp-json\/wp\/v2\/users\/2"}],"replies":[{"embeddable":true,"href":"https:\/\/javierppilates.com\/en\/wp-json\/wp\/v2\/comments?post=8401"}],"version-history":[{"count":13,"href":"https:\/\/javierppilates.com\/en\/wp-json\/wp\/v2\/pages\/8401\/revisions"}],"predecessor-version":[{"id":8997,"href":"https:\/\/javierppilates.com\/en\/wp-json\/wp\/v2\/pages\/8401\/revisions\/8997"}],"wp:attachment":[{"href":"https:\/\/javierppilates.com\/en\/wp-json\/wp\/v2\/media?parent=8401"}],"curies":[{"name":"wp","href":"https:\/\/api.w.org\/{rel}","templated":true}]}}